{"id":4117,"date":"2022-11-29T13:47:53","date_gmt":"2022-11-29T21:47:53","guid":{"rendered":"https:\/\/ajvineyardsupply.com\/?post_type=product&#038;p=4117"},"modified":"2026-02-03T13:55:30","modified_gmt":"2026-02-03T21:55:30","slug":"gp-no-1-wire-joiners","status":"publish","type":"product","link":"https:\/\/ajvineyardsupply.com\/es\/producto\/gp-no-1-wire-joiners\/","title":{"rendered":"Empalmadores de alambre GP No. 1"},"content":{"rendered":"<p>El Gripple GP n.\u00b0 1 est\u00e1 dise\u00f1ado con un borde frontal plano para crear un tope final estable para alambres enrejados que utilizan postes finales de metal. Para la terminaci\u00f3n r\u00e1pida de alambre de espaldera, para usar con postes met\u00e1licos en espalderas o cercas de huertos y vi\u00f1edos. Rodillo cer\u00e1mico de alto grado para resistencia a la corrosi\u00f3n. Soporta la carga en un canal. El canal integral de repuesto permite un retorno seguro del cable de cola. Carga m\u00e1xima de trabajo de 800 libras.<\/p>","protected":false},"excerpt":{"rendered":"<p>Terminate and tension in one. Ideal for use on steel wire, high tensile wire, and nylon monofilament. For 11 &#8211; 15 gauge wire.<\/p>","protected":false},"featured_media":4178,"template":"","meta":{"_monsterinsights_skip_tracking":false,"_monsterinsights_sitenote_active":false,"_monsterinsights_sitenote_note":"","_monsterinsights_sitenote_category":0,"ocean_post_layout":"","ocean_both_sidebars_style":"","ocean_both_sidebars_content_width":0,"ocean_both_sidebars_sidebars_width":0,"ocean_sidebar":"","ocean_second_sidebar":"","ocean_disable_margins":"enable","ocean_add_body_class":"","ocean_shortcode_before_top_bar":"","ocean_shortcode_after_top_bar":"","ocean_shortcode_before_header":"","ocean_shortcode_after_header":"","ocean_has_shortcode":"","ocean_shortcode_after_title":"","ocean_shortcode_before_footer_widgets":"","ocean_shortcode_after_footer_widgets":"","ocean_shortcode_before_footer_bottom":"","ocean_shortcode_after_footer_bottom":"","ocean_display_top_bar":"default","ocean_display_header":"default","ocean_header_style":"","ocean_center_header_left_menu":"","ocean_custom_header_template":"","ocean_custom_logo":0,"ocean_custom_retina_logo":0,"ocean_custom_logo_max_width":0,"ocean_custom_logo_tablet_max_width":0,"ocean_custom_logo_mobile_max_width":0,"ocean_custom_logo_max_height":0,"ocean_custom_logo_tablet_max_height":0,"ocean_custom_logo_mobile_max_height":0,"ocean_header_custom_menu":"","ocean_menu_typo_font_family":"","ocean_menu_typo_font_subset":"","ocean_menu_typo_font_size":0,"ocean_menu_typo_font_size_tablet":0,"ocean_menu_typo_font_size_mobile":0,"ocean_menu_typo_font_size_unit":"px","ocean_menu_typo_font_weight":"","ocean_menu_typo_font_weight_tablet":"","ocean_menu_typo_font_weight_mobile":"","ocean_menu_typo_transform":"","ocean_menu_typo_transform_tablet":"","ocean_menu_typo_transform_mobile":"","ocean_menu_typo_line_height":0,"ocean_menu_typo_line_height_tablet":0,"ocean_menu_typo_line_height_mobile":0,"ocean_menu_typo_line_height_unit":"","ocean_menu_typo_spacing":0,"ocean_menu_typo_spacing_tablet":0,"ocean_menu_typo_spacing_mobile":0,"ocean_menu_typo_spacing_unit":"","ocean_menu_link_color":"","ocean_menu_link_color_hover":"","ocean_menu_link_color_active":"","ocean_menu_link_background":"","ocean_menu_link_hover_background":"","ocean_menu_link_active_background":"","ocean_menu_social_links_bg":"","ocean_menu_social_hover_links_bg":"","ocean_menu_social_links_color":"","ocean_menu_social_hover_links_color":"","ocean_disable_title":"default","ocean_disable_heading":"default","ocean_post_title":"","ocean_post_subheading":"","ocean_post_title_style":"","ocean_post_title_background_color":"","ocean_post_title_background":0,"ocean_post_title_bg_image_position":"","ocean_post_title_bg_image_attachment":"","ocean_post_title_bg_image_repeat":"","ocean_post_title_bg_image_size":"","ocean_post_title_height":0,"ocean_post_title_bg_overlay":0.5,"ocean_post_title_bg_overlay_color":"","ocean_disable_breadcrumbs":"default","ocean_breadcrumbs_color":"","ocean_breadcrumbs_separator_color":"","ocean_breadcrumbs_links_color":"","ocean_breadcrumbs_links_hover_color":"","ocean_display_footer_widgets":"default","ocean_display_footer_bottom":"default","ocean_custom_footer_template":""},"product_brand":[],"product_cat":[38],"product_tag":[],"class_list":{"0":"post-4117","1":"product","2":"type-product","3":"status-publish","4":"has-post-thumbnail","6":"product_cat-wire-connectors","7":"entry","8":"has-media","10":"first","11":"instock","12":"taxable","13":"shipping-taxable","14":"purchasable","15":"product-type-simple"},"yoast_head":"<!-- This site is optimized with the Yoast SEO plugin v27.5 - https:\/\/yoast.com\/product\/yoast-seo-wordpress\/ -->\n<title>GP No. 1 Wire Joiners - A&amp;J Vineyard Supply Inc.<\/title>\n<meta name=\"robots\" content=\"index, follow, max-snippet:-1, max-image-preview:large, max-video-preview:-1\" \/>\n<link rel=\"canonical\" href=\"https:\/\/ajvineyardsupply.com\/es\/producto\/gp-no-1-wire-joiners\/\" \/>\n<meta property=\"og:locale\" content=\"es_MX\" \/>\n<meta property=\"og:type\" content=\"article\" \/>\n<meta property=\"og:title\" content=\"GP No. 1 Wire Joiners - A&amp;J Vineyard Supply Inc.\" \/>\n<meta property=\"og:description\" content=\"Terminate and tension in one. Ideal for use on steel wire, high tensile wire, and nylon monofilament. For 11 - 15 gauge wire.\" \/>\n<meta property=\"og:url\" content=\"https:\/\/ajvineyardsupply.com\/es\/producto\/gp-no-1-wire-joiners\/\" \/>\n<meta property=\"og:site_name\" content=\"A&amp;J Vineyard Supply Inc.\" \/>\n<meta property=\"article:publisher\" content=\"https:\/\/www.facebook.com\/ajvineyardsupplyinc\/\" \/>\n<meta property=\"article:modified_time\" content=\"2026-02-03T21:55:30+00:00\" \/>\n<meta property=\"og:image\" content=\"https:\/\/ajvineyardsupply.com\/wp-content\/uploads\/2022\/11\/gripple-gp1.jpg\" \/>\n\t<meta property=\"og:image:width\" content=\"800\" \/>\n\t<meta property=\"og:image:height\" content=\"800\" \/>\n\t<meta property=\"og:image:type\" content=\"image\/jpeg\" \/>\n<meta name=\"twitter:label1\" content=\"Tiempo de lectura\" \/>\n\t<meta name=\"twitter:data1\" content=\"1 minuto\" \/>\n<script type=\"application\/ld+json\" class=\"yoast-schema-graph\">{\"@context\":\"https:\\\/\\\/schema.org\",\"@graph\":[{\"@type\":\"WebPage\",\"@id\":\"https:\\\/\\\/ajvineyardsupply.com\\\/product\\\/gp-no-1-wire-joiners\\\/\",\"url\":\"https:\\\/\\\/ajvineyardsupply.com\\\/product\\\/gp-no-1-wire-joiners\\\/\",\"name\":\"GP No. 1 Wire Joiners - A&amp;J Vineyard Supply Inc.\",\"isPartOf\":{\"@id\":\"https:\\\/\\\/ajvineyardsupply.com\\\/#website\"},\"primaryImageOfPage\":{\"@id\":\"https:\\\/\\\/ajvineyardsupply.com\\\/product\\\/gp-no-1-wire-joiners\\\/#primaryimage\"},\"image\":{\"@id\":\"https:\\\/\\\/ajvineyardsupply.com\\\/product\\\/gp-no-1-wire-joiners\\\/#primaryimage\"},\"thumbnailUrl\":\"https:\\\/\\\/ajvineyardsupply.com\\\/wp-content\\\/uploads\\\/2022\\\/11\\\/gripple-gp1.jpg\",\"datePublished\":\"2022-11-29T21:47:53+00:00\",\"dateModified\":\"2026-02-03T21:55:30+00:00\",\"breadcrumb\":{\"@id\":\"https:\\\/\\\/ajvineyardsupply.com\\\/product\\\/gp-no-1-wire-joiners\\\/#breadcrumb\"},\"inLanguage\":\"es\",\"potentialAction\":[{\"@type\":\"ReadAction\",\"target\":[\"https:\\\/\\\/ajvineyardsupply.com\\\/product\\\/gp-no-1-wire-joiners\\\/\"]}]},{\"@type\":\"ImageObject\",\"inLanguage\":\"es\",\"@id\":\"https:\\\/\\\/ajvineyardsupply.com\\\/product\\\/gp-no-1-wire-joiners\\\/#primaryimage\",\"url\":\"https:\\\/\\\/ajvineyardsupply.com\\\/wp-content\\\/uploads\\\/2022\\\/11\\\/gripple-gp1.jpg\",\"contentUrl\":\"https:\\\/\\\/ajvineyardsupply.com\\\/wp-content\\\/uploads\\\/2022\\\/11\\\/gripple-gp1.jpg\",\"width\":800,\"height\":800},{\"@type\":\"BreadcrumbList\",\"@id\":\"https:\\\/\\\/ajvineyardsupply.com\\\/product\\\/gp-no-1-wire-joiners\\\/#breadcrumb\",\"itemListElement\":[{\"@type\":\"ListItem\",\"position\":1,\"name\":\"Home\",\"item\":\"https:\\\/\\\/ajvineyardsupply.com\\\/\"},{\"@type\":\"ListItem\",\"position\":2,\"name\":\"Shop\",\"item\":\"https:\\\/\\\/ajvineyardsupply.com\\\/shop\\\/\"},{\"@type\":\"ListItem\",\"position\":3,\"name\":\"GP No. 1 Wire Joiners\"}]},{\"@type\":\"WebSite\",\"@id\":\"https:\\\/\\\/ajvineyardsupply.com\\\/#website\",\"url\":\"https:\\\/\\\/ajvineyardsupply.com\\\/\",\"name\":\"A&J Vineyard Supply Inc.\",\"description\":\"Agricultural Supplies for Vineyards and Orchards.\",\"publisher\":{\"@id\":\"https:\\\/\\\/ajvineyardsupply.com\\\/#organization\"},\"alternateName\":\"A&J Vineyard Supply\",\"potentialAction\":[{\"@type\":\"SearchAction\",\"target\":{\"@type\":\"EntryPoint\",\"urlTemplate\":\"https:\\\/\\\/ajvineyardsupply.com\\\/?s={search_term_string}\"},\"query-input\":{\"@type\":\"PropertyValueSpecification\",\"valueRequired\":true,\"valueName\":\"search_term_string\"}}],\"inLanguage\":\"es\"},{\"@type\":\"Organization\",\"@id\":\"https:\\\/\\\/ajvineyardsupply.com\\\/#organization\",\"name\":\"A&J Vineyard Supply Inc.\",\"url\":\"https:\\\/\\\/ajvineyardsupply.com\\\/\",\"logo\":{\"@type\":\"ImageObject\",\"inLanguage\":\"es\",\"@id\":\"https:\\\/\\\/ajvineyardsupply.com\\\/#\\\/schema\\\/logo\\\/image\\\/\",\"url\":\"https:\\\/\\\/ajvineyardsupply.com\\\/wp-content\\\/uploads\\\/2020\\\/04\\\/AJ_RGB_Logo_BlackText-scaled.jpg\",\"contentUrl\":\"https:\\\/\\\/ajvineyardsupply.com\\\/wp-content\\\/uploads\\\/2020\\\/04\\\/AJ_RGB_Logo_BlackText-scaled.jpg\",\"width\":2226,\"height\":2560,\"caption\":\"A&J Vineyard Supply Inc.\"},\"image\":{\"@id\":\"https:\\\/\\\/ajvineyardsupply.com\\\/#\\\/schema\\\/logo\\\/image\\\/\"},\"sameAs\":[\"https:\\\/\\\/www.facebook.com\\\/ajvineyardsupplyinc\\\/\",\"https:\\\/\\\/x.com\\\/AJVineSupply\",\"https:\\\/\\\/www.linkedin.com\\\/company\\\/a-amp-j-vineyard-supply-inc.\\\/\",\"https:\\\/\\\/www.instagram.com\\\/ajvineyardsupplyinc\\\/\"]}]}<\/script>\n<!-- \/ Yoast SEO plugin. -->","yoast_head_json":{"title":"GP No. 1 Wire Joiners - A&amp;J Vineyard Supply Inc.","robots":{"index":"index","follow":"follow","max-snippet":"max-snippet:-1","max-image-preview":"max-image-preview:large","max-video-preview":"max-video-preview:-1"},"canonical":"https:\/\/ajvineyardsupply.com\/es\/producto\/gp-no-1-wire-joiners\/","og_locale":"es_MX","og_type":"article","og_title":"GP No. 1 Wire Joiners - A&amp;J Vineyard Supply Inc.","og_description":"Terminate and tension in one. Ideal for use on steel wire, high tensile wire, and nylon monofilament. For 11 - 15 gauge wire.","og_url":"https:\/\/ajvineyardsupply.com\/es\/producto\/gp-no-1-wire-joiners\/","og_site_name":"A&amp;J Vineyard Supply Inc.","article_publisher":"https:\/\/www.facebook.com\/ajvineyardsupplyinc\/","article_modified_time":"2026-02-03T21:55:30+00:00","og_image":[{"width":800,"height":800,"url":"https:\/\/ajvineyardsupply.com\/wp-content\/uploads\/2022\/11\/gripple-gp1.jpg","type":"image\/jpeg"}],"twitter_misc":{"Tiempo de lectura":"1 minuto"},"schema":{"@context":"https:\/\/schema.org","@graph":[{"@type":"WebPage","@id":"https:\/\/ajvineyardsupply.com\/product\/gp-no-1-wire-joiners\/","url":"https:\/\/ajvineyardsupply.com\/product\/gp-no-1-wire-joiners\/","name":"GP No. 1 Wire Joiners - A&amp;J Vineyard Supply Inc.","isPartOf":{"@id":"https:\/\/ajvineyardsupply.com\/#website"},"primaryImageOfPage":{"@id":"https:\/\/ajvineyardsupply.com\/product\/gp-no-1-wire-joiners\/#primaryimage"},"image":{"@id":"https:\/\/ajvineyardsupply.com\/product\/gp-no-1-wire-joiners\/#primaryimage"},"thumbnailUrl":"https:\/\/ajvineyardsupply.com\/wp-content\/uploads\/2022\/11\/gripple-gp1.jpg","datePublished":"2022-11-29T21:47:53+00:00","dateModified":"2026-02-03T21:55:30+00:00","breadcrumb":{"@id":"https:\/\/ajvineyardsupply.com\/product\/gp-no-1-wire-joiners\/#breadcrumb"},"inLanguage":"es","potentialAction":[{"@type":"ReadAction","target":["https:\/\/ajvineyardsupply.com\/product\/gp-no-1-wire-joiners\/"]}]},{"@type":"ImageObject","inLanguage":"es","@id":"https:\/\/ajvineyardsupply.com\/product\/gp-no-1-wire-joiners\/#primaryimage","url":"https:\/\/ajvineyardsupply.com\/wp-content\/uploads\/2022\/11\/gripple-gp1.jpg","contentUrl":"https:\/\/ajvineyardsupply.com\/wp-content\/uploads\/2022\/11\/gripple-gp1.jpg","width":800,"height":800},{"@type":"BreadcrumbList","@id":"https:\/\/ajvineyardsupply.com\/product\/gp-no-1-wire-joiners\/#breadcrumb","itemListElement":[{"@type":"ListItem","position":1,"name":"Home","item":"https:\/\/ajvineyardsupply.com\/"},{"@type":"ListItem","position":2,"name":"Shop","item":"https:\/\/ajvineyardsupply.com\/shop\/"},{"@type":"ListItem","position":3,"name":"GP No. 1 Wire Joiners"}]},{"@type":"WebSite","@id":"https:\/\/ajvineyardsupply.com\/#website","url":"https:\/\/ajvineyardsupply.com\/","name":"A&amp;J Vineyard Supply Inc.","description":"Suministros Agr\u00edcolas para Vi\u00f1edos y Huertos.","publisher":{"@id":"https:\/\/ajvineyardsupply.com\/#organization"},"alternateName":"A&J Vineyard Supply","potentialAction":[{"@type":"SearchAction","target":{"@type":"EntryPoint","urlTemplate":"https:\/\/ajvineyardsupply.com\/?s={search_term_string}"},"query-input":{"@type":"PropertyValueSpecification","valueRequired":true,"valueName":"search_term_string"}}],"inLanguage":"es"},{"@type":"Organization","@id":"https:\/\/ajvineyardsupply.com\/#organization","name":"A&amp;J Vineyard Supply Inc.","url":"https:\/\/ajvineyardsupply.com\/","logo":{"@type":"ImageObject","inLanguage":"es","@id":"https:\/\/ajvineyardsupply.com\/#\/schema\/logo\/image\/","url":"https:\/\/ajvineyardsupply.com\/wp-content\/uploads\/2020\/04\/AJ_RGB_Logo_BlackText-scaled.jpg","contentUrl":"https:\/\/ajvineyardsupply.com\/wp-content\/uploads\/2020\/04\/AJ_RGB_Logo_BlackText-scaled.jpg","width":2226,"height":2560,"caption":"A&J Vineyard Supply Inc."},"image":{"@id":"https:\/\/ajvineyardsupply.com\/#\/schema\/logo\/image\/"},"sameAs":["https:\/\/www.facebook.com\/ajvineyardsupplyinc\/","https:\/\/x.com\/AJVineSupply","https:\/\/www.linkedin.com\/company\/a-amp-j-vineyard-supply-inc.\/","https:\/\/www.instagram.com\/ajvineyardsupplyinc\/"]}]}},"_links":{"self":[{"href":"https:\/\/ajvineyardsupply.com\/es\/wp-json\/wp\/v2\/product\/4117","targetHints":{"allow":["GET"]}}],"collection":[{"href":"https:\/\/ajvineyardsupply.com\/es\/wp-json\/wp\/v2\/product"}],"about":[{"href":"https:\/\/ajvineyardsupply.com\/es\/wp-json\/wp\/v2\/types\/product"}],"wp:featuredmedia":[{"embeddable":true,"href":"https:\/\/ajvineyardsupply.com\/es\/wp-json\/wp\/v2\/media\/4178"}],"wp:attachment":[{"href":"https:\/\/ajvineyardsupply.com\/es\/wp-json\/wp\/v2\/media?parent=4117"}],"wp:term":[{"taxonomy":"product_brand","embeddable":true,"href":"https:\/\/ajvineyardsupply.com\/es\/wp-json\/wp\/v2\/product_brand?post=4117"},{"taxonomy":"product_cat","embeddable":true,"href":"https:\/\/ajvineyardsupply.com\/es\/wp-json\/wp\/v2\/product_cat?post=4117"},{"taxonomy":"product_tag","embeddable":true,"href":"https:\/\/ajvineyardsupply.com\/es\/wp-json\/wp\/v2\/product_tag?post=4117"}],"curies":[{"name":"wp","href":"https:\/\/api.w.org\/{rel}","templated":true}]}}