{"id":4171,"date":"2022-11-29T13:53:38","date_gmt":"2022-11-29T21:53:38","guid":{"rendered":"https:\/\/ajvineyardsupply.com\/?post_type=product&#038;p=4171"},"modified":"2024-04-11T11:11:12","modified_gmt":"2024-04-11T18:11:12","slug":"metal-crossarm-l-style-6-x-14-gauge","status":"publish","type":"product","link":"https:\/\/ajvineyardsupply.com\/es\/producto\/metal-crossarm-l-style-6-x-14-gauge\/","title":{"rendered":"Metal crossarm, L-Style, 6&#8243; x 14 gauge"},"content":{"rendered":"<p class=\"p1\">L-style crossarm, 6&#8243; x 14 gauge with one slot each side and one notch on the bottom, each side.<\/p>\n<p>TENGA EN CUENTA: nuestras crucetas est\u00e1ndar est\u00e1n hechas de acero simple sin revestimiento protector seg\u00fan las normas de la industria. Se almacenan en el exterior, tal como es su uso previsto, por lo que pueden presentar distintos grados de oxidaci\u00f3n a su llegada.<\/p>","protected":false},"excerpt":{"rendered":"<p class=\"p1\">The addition of a metal L-style crossarm in 14 gauge thickness, to a t-post or other vertical in-line post, allows for varying degrees of sun and air to circulate through the vines and help with the management of the canes throughout the growing cycle. Depending on the vigor of your vines and the atmospheric conditions, you may require just a slight broadening of the canopy with a 6&#8243; or 8&#8243; model or a more significant expansion with arms extending out 18&#8243;.<span class=\"Apple-converted-space\">\u00a0 <\/span>Dependiendo de la longitud de su cruceta, puede haber uno o m\u00e1s conjuntos de ranuras o muescas que brindan varias opciones para mover sus cables a diferentes posiciones en la cruceta. Un perno en U con 2 tuercas (se vende por separado) permite la fijaci\u00f3n de la cruceta a la estaca de la l\u00ednea. <a href=\"https:\/\/ajvineyardsupply.com\/es\/categoria-producto\/ubolts\/\"><span style=\"text-decoration: underline;\"><strong>ENCUENTRE PERNOS EN U aqu\u00ed<\/strong><\/span><\/a><\/p>","protected":false},"featured_media":4222,"template":"","meta":{"_monsterinsights_skip_tracking":false,"_monsterinsights_sitenote_active":false,"_monsterinsights_sitenote_note":"","_monsterinsights_sitenote_category":0,"ocean_post_layout":"","ocean_both_sidebars_style":"","ocean_both_sidebars_content_width":0,"ocean_both_sidebars_sidebars_width":0,"ocean_sidebar":"0","ocean_second_sidebar":"0","ocean_disable_margins":"enable","ocean_add_body_class":"","ocean_shortcode_before_top_bar":"","ocean_shortcode_after_top_bar":"","ocean_shortcode_before_header":"","ocean_shortcode_after_header":"","ocean_has_shortcode":"","ocean_shortcode_after_title":"","ocean_shortcode_before_footer_widgets":"","ocean_shortcode_after_footer_widgets":"","ocean_shortcode_before_footer_bottom":"","ocean_shortcode_after_footer_bottom":"","ocean_display_top_bar":"default","ocean_display_header":"default","ocean_header_style":"","ocean_center_header_left_menu":"0","ocean_custom_header_template":"0","ocean_custom_logo":0,"ocean_custom_retina_logo":0,"ocean_custom_logo_max_width":0,"ocean_custom_logo_tablet_max_width":0,"ocean_custom_logo_mobile_max_width":0,"ocean_custom_logo_max_height":0,"ocean_custom_logo_tablet_max_height":0,"ocean_custom_logo_mobile_max_height":0,"ocean_header_custom_menu":"0","ocean_menu_typo_font_family":"0","ocean_menu_typo_font_subset":"","ocean_menu_typo_font_size":0,"ocean_menu_typo_font_size_tablet":0,"ocean_menu_typo_font_size_mobile":0,"ocean_menu_typo_font_size_unit":"px","ocean_menu_typo_font_weight":"","ocean_menu_typo_font_weight_tablet":"","ocean_menu_typo_font_weight_mobile":"","ocean_menu_typo_transform":"","ocean_menu_typo_transform_tablet":"","ocean_menu_typo_transform_mobile":"","ocean_menu_typo_line_height":0,"ocean_menu_typo_line_height_tablet":0,"ocean_menu_typo_line_height_mobile":0,"ocean_menu_typo_line_height_unit":"","ocean_menu_typo_spacing":0,"ocean_menu_typo_spacing_tablet":0,"ocean_menu_typo_spacing_mobile":0,"ocean_menu_typo_spacing_unit":"","ocean_menu_link_color":"","ocean_menu_link_color_hover":"","ocean_menu_link_color_active":"","ocean_menu_link_background":"","ocean_menu_link_hover_background":"","ocean_menu_link_active_background":"","ocean_menu_social_links_bg":"","ocean_menu_social_hover_links_bg":"","ocean_menu_social_links_color":"","ocean_menu_social_hover_links_color":"","ocean_disable_title":"default","ocean_disable_heading":"default","ocean_post_title":"","ocean_post_subheading":"","ocean_post_title_style":"","ocean_post_title_background_color":"","ocean_post_title_background":0,"ocean_post_title_bg_image_position":"","ocean_post_title_bg_image_attachment":"","ocean_post_title_bg_image_repeat":"","ocean_post_title_bg_image_size":"","ocean_post_title_height":0,"ocean_post_title_bg_overlay":0.5,"ocean_post_title_bg_overlay_color":"","ocean_disable_breadcrumbs":"default","ocean_breadcrumbs_color":"","ocean_breadcrumbs_separator_color":"","ocean_breadcrumbs_links_color":"","ocean_breadcrumbs_links_hover_color":"","ocean_display_footer_widgets":"default","ocean_display_footer_bottom":"default","ocean_custom_footer_template":"0"},"product_brand":[],"product_cat":[30],"product_tag":[],"class_list":{"0":"post-4171","1":"product","2":"type-product","3":"status-publish","4":"has-post-thumbnail","6":"product_cat-crossarms","7":"entry","8":"has-media","10":"first","11":"instock","12":"taxable","13":"shipping-taxable","14":"purchasable","15":"product-type-simple"},"yoast_head":"<!-- This site is optimized with the Yoast SEO plugin v27.4 - https:\/\/yoast.com\/product\/yoast-seo-wordpress\/ -->\n<title>Metal crossarm, L-Style, 6&quot; x 14 gauge - A&amp;J Vineyard Supply Inc.<\/title>\n<meta name=\"robots\" content=\"index, follow, max-snippet:-1, max-image-preview:large, max-video-preview:-1\" \/>\n<link rel=\"canonical\" href=\"https:\/\/ajvineyardsupply.com\/es\/producto\/metal-crossarm-l-style-6-x-14-gauge\/\" \/>\n<meta property=\"og:locale\" content=\"es_MX\" \/>\n<meta property=\"og:type\" content=\"article\" \/>\n<meta property=\"og:title\" content=\"Metal crossarm, L-Style, 6&quot; x 14 gauge - A&amp;J Vineyard Supply Inc.\" \/>\n<meta property=\"og:description\" content=\"The addition of a metal L-style crossarm in 14 gauge thickness, to a t-post or other vertical in-line post, allows for varying degrees of sun and air to circulate through the vines and help with the management of the canes throughout the growing cycle. Depending on the vigor of your vines and the atmospheric conditions, you may require just a slight broadening of the canopy with a 6&quot; or 8&quot; model or a more significant expansion with arms extending out 18&quot;.\u00a0 Depending on the length of your crossarm, there may be one or more sets of slots or notches which provide various options for moving your wires into different positions on the crossarm. A u-bolt with 2 nuts (sold separately) allows for the attachment of the crossarm to the line stake. FIND U-BOLTS here\" \/>\n<meta property=\"og:url\" content=\"https:\/\/ajvineyardsupply.com\/es\/producto\/metal-crossarm-l-style-6-x-14-gauge\/\" \/>\n<meta property=\"og:site_name\" content=\"A&amp;J Vineyard Supply Inc.\" \/>\n<meta property=\"article:publisher\" content=\"https:\/\/www.facebook.com\/ajvineyardsupplyinc\/\" \/>\n<meta property=\"article:modified_time\" content=\"2024-04-11T18:11:12+00:00\" \/>\n<meta property=\"og:image\" content=\"https:\/\/ajvineyardsupply.com\/wp-content\/uploads\/2022\/11\/crossarm-6-in-3.jpg\" \/>\n\t<meta property=\"og:image:width\" content=\"800\" \/>\n\t<meta property=\"og:image:height\" content=\"800\" \/>\n\t<meta property=\"og:image:type\" content=\"image\/jpeg\" \/>\n<meta name=\"twitter:label1\" content=\"Tiempo de lectura\" \/>\n\t<meta name=\"twitter:data1\" content=\"1 minuto\" \/>\n<script type=\"application\/ld+json\" class=\"yoast-schema-graph\">{\"@context\":\"https:\\\/\\\/schema.org\",\"@graph\":[{\"@type\":\"WebPage\",\"@id\":\"https:\\\/\\\/ajvineyardsupply.com\\\/product\\\/metal-crossarm-l-style-6-x-14-gauge\\\/\",\"url\":\"https:\\\/\\\/ajvineyardsupply.com\\\/product\\\/metal-crossarm-l-style-6-x-14-gauge\\\/\",\"name\":\"Metal crossarm, L-Style, 6\\\" x 14 gauge - A&amp;J Vineyard Supply Inc.\",\"isPartOf\":{\"@id\":\"https:\\\/\\\/ajvineyardsupply.com\\\/#website\"},\"primaryImageOfPage\":{\"@id\":\"https:\\\/\\\/ajvineyardsupply.com\\\/product\\\/metal-crossarm-l-style-6-x-14-gauge\\\/#primaryimage\"},\"image\":{\"@id\":\"https:\\\/\\\/ajvineyardsupply.com\\\/product\\\/metal-crossarm-l-style-6-x-14-gauge\\\/#primaryimage\"},\"thumbnailUrl\":\"https:\\\/\\\/ajvineyardsupply.com\\\/wp-content\\\/uploads\\\/2022\\\/11\\\/crossarm-6-in-3.jpg\",\"datePublished\":\"2022-11-29T21:53:38+00:00\",\"dateModified\":\"2024-04-11T18:11:12+00:00\",\"breadcrumb\":{\"@id\":\"https:\\\/\\\/ajvineyardsupply.com\\\/product\\\/metal-crossarm-l-style-6-x-14-gauge\\\/#breadcrumb\"},\"inLanguage\":\"es\",\"potentialAction\":[{\"@type\":\"ReadAction\",\"target\":[\"https:\\\/\\\/ajvineyardsupply.com\\\/product\\\/metal-crossarm-l-style-6-x-14-gauge\\\/\"]}]},{\"@type\":\"ImageObject\",\"inLanguage\":\"es\",\"@id\":\"https:\\\/\\\/ajvineyardsupply.com\\\/product\\\/metal-crossarm-l-style-6-x-14-gauge\\\/#primaryimage\",\"url\":\"https:\\\/\\\/ajvineyardsupply.com\\\/wp-content\\\/uploads\\\/2022\\\/11\\\/crossarm-6-in-3.jpg\",\"contentUrl\":\"https:\\\/\\\/ajvineyardsupply.com\\\/wp-content\\\/uploads\\\/2022\\\/11\\\/crossarm-6-in-3.jpg\",\"width\":800,\"height\":800},{\"@type\":\"BreadcrumbList\",\"@id\":\"https:\\\/\\\/ajvineyardsupply.com\\\/product\\\/metal-crossarm-l-style-6-x-14-gauge\\\/#breadcrumb\",\"itemListElement\":[{\"@type\":\"ListItem\",\"position\":1,\"name\":\"Home\",\"item\":\"https:\\\/\\\/ajvineyardsupply.com\\\/\"},{\"@type\":\"ListItem\",\"position\":2,\"name\":\"Shop\",\"item\":\"https:\\\/\\\/ajvineyardsupply.com\\\/shop\\\/\"},{\"@type\":\"ListItem\",\"position\":3,\"name\":\"Metal crossarm, L-Style, 6&#8243; x 14 gauge\"}]},{\"@type\":\"WebSite\",\"@id\":\"https:\\\/\\\/ajvineyardsupply.com\\\/#website\",\"url\":\"https:\\\/\\\/ajvineyardsupply.com\\\/\",\"name\":\"A&J Vineyard Supply Inc.\",\"description\":\"Agricultural Supplies for Vineyards and Orchards.\",\"publisher\":{\"@id\":\"https:\\\/\\\/ajvineyardsupply.com\\\/#organization\"},\"alternateName\":\"A&J Vineyard Supply\",\"potentialAction\":[{\"@type\":\"SearchAction\",\"target\":{\"@type\":\"EntryPoint\",\"urlTemplate\":\"https:\\\/\\\/ajvineyardsupply.com\\\/?s={search_term_string}\"},\"query-input\":{\"@type\":\"PropertyValueSpecification\",\"valueRequired\":true,\"valueName\":\"search_term_string\"}}],\"inLanguage\":\"es\"},{\"@type\":\"Organization\",\"@id\":\"https:\\\/\\\/ajvineyardsupply.com\\\/#organization\",\"name\":\"A&J Vineyard Supply Inc.\",\"url\":\"https:\\\/\\\/ajvineyardsupply.com\\\/\",\"logo\":{\"@type\":\"ImageObject\",\"inLanguage\":\"es\",\"@id\":\"https:\\\/\\\/ajvineyardsupply.com\\\/#\\\/schema\\\/logo\\\/image\\\/\",\"url\":\"https:\\\/\\\/ajvineyardsupply.com\\\/wp-content\\\/uploads\\\/2020\\\/04\\\/AJ_RGB_Logo_BlackText-scaled.jpg\",\"contentUrl\":\"https:\\\/\\\/ajvineyardsupply.com\\\/wp-content\\\/uploads\\\/2020\\\/04\\\/AJ_RGB_Logo_BlackText-scaled.jpg\",\"width\":2226,\"height\":2560,\"caption\":\"A&J Vineyard Supply Inc.\"},\"image\":{\"@id\":\"https:\\\/\\\/ajvineyardsupply.com\\\/#\\\/schema\\\/logo\\\/image\\\/\"},\"sameAs\":[\"https:\\\/\\\/www.facebook.com\\\/ajvineyardsupplyinc\\\/\",\"https:\\\/\\\/x.com\\\/AJVineSupply\",\"https:\\\/\\\/www.linkedin.com\\\/company\\\/a-amp-j-vineyard-supply-inc.\\\/\",\"https:\\\/\\\/www.instagram.com\\\/ajvineyardsupplyinc\\\/\"]}]}<\/script>\n<!-- \/ Yoast SEO plugin. -->","yoast_head_json":{"title":"Metal crossarm, L-Style, 6\" x 14 gauge - A&amp;J Vineyard Supply Inc.","robots":{"index":"index","follow":"follow","max-snippet":"max-snippet:-1","max-image-preview":"max-image-preview:large","max-video-preview":"max-video-preview:-1"},"canonical":"https:\/\/ajvineyardsupply.com\/es\/producto\/metal-crossarm-l-style-6-x-14-gauge\/","og_locale":"es_MX","og_type":"article","og_title":"Metal crossarm, L-Style, 6\" x 14 gauge - A&amp;J Vineyard Supply Inc.","og_description":"The addition of a metal L-style crossarm in 14 gauge thickness, to a t-post or other vertical in-line post, allows for varying degrees of sun and air to circulate through the vines and help with the management of the canes throughout the growing cycle. Depending on the vigor of your vines and the atmospheric conditions, you may require just a slight broadening of the canopy with a 6\" or 8\" model or a more significant expansion with arms extending out 18\".\u00a0 Depending on the length of your crossarm, there may be one or more sets of slots or notches which provide various options for moving your wires into different positions on the crossarm. A u-bolt with 2 nuts (sold separately) allows for the attachment of the crossarm to the line stake. FIND U-BOLTS here","og_url":"https:\/\/ajvineyardsupply.com\/es\/producto\/metal-crossarm-l-style-6-x-14-gauge\/","og_site_name":"A&amp;J Vineyard Supply Inc.","article_publisher":"https:\/\/www.facebook.com\/ajvineyardsupplyinc\/","article_modified_time":"2024-04-11T18:11:12+00:00","og_image":[{"width":800,"height":800,"url":"https:\/\/ajvineyardsupply.com\/wp-content\/uploads\/2022\/11\/crossarm-6-in-3.jpg","type":"image\/jpeg"}],"twitter_misc":{"Tiempo de lectura":"1 minuto"},"schema":{"@context":"https:\/\/schema.org","@graph":[{"@type":"WebPage","@id":"https:\/\/ajvineyardsupply.com\/product\/metal-crossarm-l-style-6-x-14-gauge\/","url":"https:\/\/ajvineyardsupply.com\/product\/metal-crossarm-l-style-6-x-14-gauge\/","name":"Metal crossarm, L-Style, 6\" x 14 gauge - A&amp;J Vineyard Supply Inc.","isPartOf":{"@id":"https:\/\/ajvineyardsupply.com\/#website"},"primaryImageOfPage":{"@id":"https:\/\/ajvineyardsupply.com\/product\/metal-crossarm-l-style-6-x-14-gauge\/#primaryimage"},"image":{"@id":"https:\/\/ajvineyardsupply.com\/product\/metal-crossarm-l-style-6-x-14-gauge\/#primaryimage"},"thumbnailUrl":"https:\/\/ajvineyardsupply.com\/wp-content\/uploads\/2022\/11\/crossarm-6-in-3.jpg","datePublished":"2022-11-29T21:53:38+00:00","dateModified":"2024-04-11T18:11:12+00:00","breadcrumb":{"@id":"https:\/\/ajvineyardsupply.com\/product\/metal-crossarm-l-style-6-x-14-gauge\/#breadcrumb"},"inLanguage":"es","potentialAction":[{"@type":"ReadAction","target":["https:\/\/ajvineyardsupply.com\/product\/metal-crossarm-l-style-6-x-14-gauge\/"]}]},{"@type":"ImageObject","inLanguage":"es","@id":"https:\/\/ajvineyardsupply.com\/product\/metal-crossarm-l-style-6-x-14-gauge\/#primaryimage","url":"https:\/\/ajvineyardsupply.com\/wp-content\/uploads\/2022\/11\/crossarm-6-in-3.jpg","contentUrl":"https:\/\/ajvineyardsupply.com\/wp-content\/uploads\/2022\/11\/crossarm-6-in-3.jpg","width":800,"height":800},{"@type":"BreadcrumbList","@id":"https:\/\/ajvineyardsupply.com\/product\/metal-crossarm-l-style-6-x-14-gauge\/#breadcrumb","itemListElement":[{"@type":"ListItem","position":1,"name":"Home","item":"https:\/\/ajvineyardsupply.com\/"},{"@type":"ListItem","position":2,"name":"Shop","item":"https:\/\/ajvineyardsupply.com\/shop\/"},{"@type":"ListItem","position":3,"name":"Metal crossarm, L-Style, 6&#8243; x 14 gauge"}]},{"@type":"WebSite","@id":"https:\/\/ajvineyardsupply.com\/#website","url":"https:\/\/ajvineyardsupply.com\/","name":"A&amp;J Vineyard Supply Inc.","description":"Suministros Agr\u00edcolas para Vi\u00f1edos y Huertos.","publisher":{"@id":"https:\/\/ajvineyardsupply.com\/#organization"},"alternateName":"A&J Vineyard Supply","potentialAction":[{"@type":"SearchAction","target":{"@type":"EntryPoint","urlTemplate":"https:\/\/ajvineyardsupply.com\/?s={search_term_string}"},"query-input":{"@type":"PropertyValueSpecification","valueRequired":true,"valueName":"search_term_string"}}],"inLanguage":"es"},{"@type":"Organization","@id":"https:\/\/ajvineyardsupply.com\/#organization","name":"A&amp;J Vineyard Supply Inc.","url":"https:\/\/ajvineyardsupply.com\/","logo":{"@type":"ImageObject","inLanguage":"es","@id":"https:\/\/ajvineyardsupply.com\/#\/schema\/logo\/image\/","url":"https:\/\/ajvineyardsupply.com\/wp-content\/uploads\/2020\/04\/AJ_RGB_Logo_BlackText-scaled.jpg","contentUrl":"https:\/\/ajvineyardsupply.com\/wp-content\/uploads\/2020\/04\/AJ_RGB_Logo_BlackText-scaled.jpg","width":2226,"height":2560,"caption":"A&J Vineyard Supply Inc."},"image":{"@id":"https:\/\/ajvineyardsupply.com\/#\/schema\/logo\/image\/"},"sameAs":["https:\/\/www.facebook.com\/ajvineyardsupplyinc\/","https:\/\/x.com\/AJVineSupply","https:\/\/www.linkedin.com\/company\/a-amp-j-vineyard-supply-inc.\/","https:\/\/www.instagram.com\/ajvineyardsupplyinc\/"]}]}},"_links":{"self":[{"href":"https:\/\/ajvineyardsupply.com\/es\/wp-json\/wp\/v2\/product\/4171","targetHints":{"allow":["GET"]}}],"collection":[{"href":"https:\/\/ajvineyardsupply.com\/es\/wp-json\/wp\/v2\/product"}],"about":[{"href":"https:\/\/ajvineyardsupply.com\/es\/wp-json\/wp\/v2\/types\/product"}],"wp:featuredmedia":[{"embeddable":true,"href":"https:\/\/ajvineyardsupply.com\/es\/wp-json\/wp\/v2\/media\/4222"}],"wp:attachment":[{"href":"https:\/\/ajvineyardsupply.com\/es\/wp-json\/wp\/v2\/media?parent=4171"}],"wp:term":[{"taxonomy":"product_brand","embeddable":true,"href":"https:\/\/ajvineyardsupply.com\/es\/wp-json\/wp\/v2\/product_brand?post=4171"},{"taxonomy":"product_cat","embeddable":true,"href":"https:\/\/ajvineyardsupply.com\/es\/wp-json\/wp\/v2\/product_cat?post=4171"},{"taxonomy":"product_tag","embeddable":true,"href":"https:\/\/ajvineyardsupply.com\/es\/wp-json\/wp\/v2\/product_tag?post=4171"}],"curies":[{"name":"wp","href":"https:\/\/api.w.org\/{rel}","templated":true}]}}